{"id":1797,"date":"2020-02-05T10:55:15","date_gmt":"2020-02-05T09:55:15","guid":{"rendered":"http:\/\/topsolid.lu\/?page_id=1797"},"modified":"2020-04-03T17:05:59","modified_gmt":"2020-04-03T15:05:59","slug":"mentions-legales","status":"publish","type":"page","link":"https:\/\/topsolid.lu\/index.php\/mentions-legales\/","title":{"rendered":"Mentions l\u00e9gales"},"content":{"rendered":"<p><br>\n<br>\n<!--StartFragment--><\/p>\n\n\n<h3>Coordonn\u00e9es<\/h3>\n\n\n\n<p><strong>Topsolid sarl<\/strong><\/p>\n\n\n\n<p><strong>Adresse&nbsp;:<\/strong> 46-48 Route de Luxembourg&nbsp;L-7240&nbsp;Bereldange<\/p>\n\n\n\n<p><strong>Capital\u00a0:<\/strong> 50\u00a0000 \u20ac<\/p>\n\n\n\n<p><strong>Num tva\u00a0:<\/strong> \u00a0 LU 27020501 <\/p>\n\n\n\n<p><strong>Rcs\u00a0: <\/strong>B187798 <\/p>\n\n\n\n<p><strong>G\u00e9rant \/ Cog\u00e9rent&nbsp;: <\/strong>M.\nEhdaie Shahrokh&nbsp;<strong><\/strong><\/p>\n\n\n\n<p><strong>Email\u00a0: <\/strong>contact@topsolid.lu<\/p>\n\n\n\n<h3>H\u00e9bergeur du site web<\/h3>\n\n\n\n<p>OVH SAS est une\nfiliale de la soci\u00e9t\u00e9 OVH Groupe SAS, soci\u00e9t\u00e9 immatricul\u00e9e au RCS de Lille sous\nle num\u00e9ro 537 407 926 sise 2, rue Kellermann, 59100 Roubaix.<\/p>\n\n\n\n<p>Site r\u00e9alis\u00e9 par 2S-it<br>\nSi\u00e8ge\nsocial :<br>\n83 rue de\nla lib\u00e9ration <br>\nL-5969\nItzig<br>\ncontact@2s-it.lu<br>\nRCS <strong>B218534<\/strong><\/p>\n\n\n\n<h3>Propri\u00e9t\u00e9 intellectuelle<\/h3>\n\n\n\n<p>L\u2019ensemble de ce site rel\u00e8ve des l\u00e9gislations internationales sur les droits d\u2019auteur et la propri\u00e9t\u00e9 intellectuelle. Tous les droits de reproduction sont r\u00e9serv\u00e9s pour les textes et les photographies de ce site. La reproduction de tout ou partie de ce site sur un support \u00e9lectronique ou autre quel qu\u2019il soit, est formellement interdite sauf autorisation \u00e9crite de l\u2019auteur.<\/p>\n\n\n\n<h3>Protection\ndes donn\u00e9es<\/h3>\n\n\n\n<p>Les informations qui vous concernent recueillies sur ce formulaire font l\u2019objet d\u2019un traitement par G\u00e9rard Meyer afin de mener \u00e0 bien votre demande.<br> Ces informations sont conserv\u00e9es pour la dur\u00e9e n\u00e9cessaire pour la r\u00e9alisation de la finalit\u00e9 du traitement.<br> Nous sommes les uniques destinataires de vos donn\u00e9es. Si au besoin, l&rsquo;une de vos demandes ne peut \u00eatre g\u00e9r\u00e9 par nous (soci\u00e9t\u00e9 Topsolid) directement, nous vous demanderons par \u00e9crit votre consentement afin de donner vos coordonn\u00e9es \u00e0 l&rsquo;un de nos partenaires.<br> Conform\u00e9ment au r\u00e8glement (UE) 2016\/679 relatif \u00e0 la protection des personnes physiques \u00e0 l&rsquo;\u00e9gard du traitement des donn\u00e9es \u00e0 caract\u00e8re personnel et \u00e0 la libre circulation de ces donn\u00e9es, sur demande \u00e9crite par mail ou via notre formulaire, vous pouvez nous demander de supprimer des informations vous concernant. Vous disposez \u00e9galement du droit de retirer votre consentement \u00e0 tout moment.<br> En outre et except\u00e9 le cas o\u00f9 le traitement de vos donn\u00e9es pr\u00e9sente un caract\u00e8re obligatoire, vous pouvez, pour des motifs l\u00e9gitimes, vous y opposer.<br> Vous avez \u00e9galement la possibilit\u00e9 d\u2019introduire une r\u00e9clamation aupr\u00e8s de la Commission nationale pour la protection des donn\u00e9es ayant son si\u00e8ge \u00e0 1 Avenue du Rock&rsquo;n&rsquo;Roll, L-4361 Esch-sur-Alzette. En poursuivant votre d\u00e9marche, vous acceptez que vos donn\u00e9es personnelles soient trait\u00e9es dans le cadre de votre demande.<\/p>\n\n\n\n<h3>Cookies<\/h3>\n\n\n\n<p>Lors de votre premi\u00e8re visite sur le site, un message\nappara\u00eet et vous informe de l\u2019utilisation des cookies. <\/p>\n\n\n\n<p>Ces informations sont transf\u00e9r\u00e9es au navigateur et\nsont stock\u00e9es dans votre syst\u00e8me informatique. Les cookies permettent\nd\u2019am\u00e9liorer votre exp\u00e9rience en ligne et d\u2019enregistrer vos pr\u00e9f\u00e9rences. <\/p>\n\n\n\n<h3>Limitation\nde responsabilit\u00e9<\/h3>\n\n\n\n<p>Les informations contenues sur ce site sont aussi pr\u00e9cises que possibles et le site est p\u00e9riodiquement remis \u00e0 jour, mais peut toutefois contenir des inexactitudes, des omissions ou des lacunes. Si vous constatez une lacune, erreur ou ce qui parait \u00eatre un dysfonctionnement, merci de bien vouloir le signaler par\u00a0email\u00a0en d\u00e9crivant le probl\u00e8me de la mani\u00e8re la plus pr\u00e9cise possible (page posant probl\u00e8me, action d\u00e9clenchante, type d\u2019ordinateur et de navigateur utilis\u00e9, \u2026).<\/p>\n\n\n\n<p>Tout contenu t\u00e9l\u00e9charg\u00e9 se fait aux risques et p\u00e9rils de l&rsquo;utilisateur et sous sa seule responsabilit\u00e9. En cons\u00e9quence, Topsolid ne saurait \u00eatre tenu responsable d&rsquo;un quelconque dommage subi par l&rsquo;ordinateur de l&rsquo;utilisateur ou d&rsquo;une quelconque perte de donn\u00e9es cons\u00e9cutives au t\u00e9l\u00e9chargement.<\/p>\n\n\n\n<p>Les photos sont non contractuelles.<\/p>\n\n\n\n<p>Les liens hypertextes mis en place dans le cadre du pr\u00e9sent site internet en direction d&rsquo;autres ressources pr\u00e9sentes sur le r\u00e9seau Internet ne sauraient engager la responsabilit\u00e9 de Topsolid.<\/p>\n\n\n\n<h3>Litiges<\/h3>\n\n\n\n<p>Les pr\u00e9sentes conditions sont r\u00e9gies par les lois Luxembourgeoise et toute contestation ou litiges qui pourraient na\u00eetre de l&rsquo;interpr\u00e9tation ou de l&rsquo;ex\u00e9cution de celles-ci seront de la comp\u00e9tence exclusive des tribunaux dont d\u00e9pend le si\u00e8ge social de la soci\u00e9t\u00e9 Topsolid. La langue de r\u00e9f\u00e9rence, pour le r\u00e8glement de contentieux \u00e9ventuels, est le fran\u00e7ais.<\/p>\n\n\n<p><!--EndFragment--><br>\n<br>\n<\/p>\n\n\n<p><\/p>\n","protected":false},"excerpt":{"rendered":"<p>Coordonn\u00e9es Topsolid sarl Adresse&nbsp;: 46-48 Route de Luxembourg&nbsp;L-7240&nbsp;Bereldange Capital\u00a0: 50\u00a0000 \u20ac Num tva\u00a0: \u00a0 LU 27020501 Rcs\u00a0: B187798 G\u00e9rant \/ Cog\u00e9rent&nbsp;: M. Ehdaie Shahrokh&nbsp; Email\u00a0: contact@topsolid.lu H\u00e9bergeur du site web OVH SAS est une filiale de la soci\u00e9t\u00e9 OVH Groupe SAS, soci\u00e9t\u00e9 immatricul\u00e9e au RCS de Lille sous le num\u00e9ro 537 407 926 sise 2, rue Kellermann, 59100 Roubaix. Site&hellip;<\/p>\n","protected":false},"author":1,"featured_media":0,"parent":0,"menu_order":0,"comment_status":"closed","ping_status":"closed","template":"","meta":[],"_links":{"self":[{"href":"https:\/\/topsolid.lu\/index.php\/wp-json\/wp\/v2\/pages\/1797"}],"collection":[{"href":"https:\/\/topsolid.lu\/index.php\/wp-json\/wp\/v2\/pages"}],"about":[{"href":"https:\/\/topsolid.lu\/index.php\/wp-json\/wp\/v2\/types\/page"}],"author":[{"embeddable":true,"href":"https:\/\/topsolid.lu\/index.php\/wp-json\/wp\/v2\/users\/1"}],"replies":[{"embeddable":true,"href":"https:\/\/topsolid.lu\/index.php\/wp-json\/wp\/v2\/comments?post=1797"}],"version-history":[{"count":2,"href":"https:\/\/topsolid.lu\/index.php\/wp-json\/wp\/v2\/pages\/1797\/revisions"}],"predecessor-version":[{"id":2343,"href":"https:\/\/topsolid.lu\/index.php\/wp-json\/wp\/v2\/pages\/1797\/revisions\/2343"}],"wp:attachment":[{"href":"https:\/\/topsolid.lu\/index.php\/wp-json\/wp\/v2\/media?parent=1797"}],"curies":[{"name":"wp","href":"https:\/\/api.w.org\/{rel}","templated":true}]}}