{"id":99,"date":"2017-07-11T14:26:13","date_gmt":"2017-07-11T14:26:13","guid":{"rendered":"http:\/\/topsolid.lu\/?page_id=99"},"modified":"2022-09-01T14:25:31","modified_gmt":"2022-09-01T12:25:31","slug":"home-1","status":"publish","type":"page","link":"https:\/\/topsolid.lu\/index.php\/","title":{"rendered":"Home 1"},"content":{"rendered":"<p>[vc_row full_width=\u00a0\u00bbstretch_row_content_no_spaces\u00a0\u00bb hide_bg_image_on_tablet=\u00a0\u00bb1&Prime; hide_bg_image_on_mobile=\u00a0\u00bb1&Prime; css=\u00a0\u00bb.vc_custom_1574082466396 !important;background-position: top right !important;background-repeat: no-repeat !important;}\u00a0\u00bb el_class=\u00a0\u00bbsc_layouts_738&Prime;][vc_column icons_position=\u00a0\u00bbleft\u00a0\u00bb offset=\u00a0\u00bbvc_col-md-9&Prime;][vc_empty_space hide_on_desktop=\u00a0\u00bb\u00a0\u00bb hide_on_notebook=\u00a0\u00bb\u00a0\u00bb hide_on_tablet=\u00a0\u00bb\u00a0\u00bb hide_on_mobile=\u00a0\u00bb\u00a0\u00bb][vc_raw_html css=\u00a0\u00bb.vc_custom_1662034917886{margin-top: 3em !important;}\u00a0\u00bb]JTNDaWZyYW1lJTIwc3JjJTNEJTIyaHR0cHMlM0ElMkYlMkZ3d3cuZ29vZ2xlLmNvbSUyRm1hcHMlMkZlbWJlZCUzRnBiJTNEJTIxNHYxNjYyMDM0NTU1NDkyJTIxNm04JTIxMW03JTIxMXNDQW9TTEVGR01WRnBjRTVxV1dkZk16QnlObkozVGtRNVVuSTJTVXR6WkVGbWVuazVSelZVTFMxUWR6ZHdRakZ3JTIxMm0yJTIxMWQ0OS42NTUzNjYzJTIxMmQ2LjEyNjgxNzglMjEzZjE2OC44MDE4NDIwNDc2MTM3JTIxNGYtOS4yOTg2NDY0MDE5MTc0MzglMjE1ZjAuNDAwMDAwMDAwMDAwMDAwMiUyMiUyMHdpZHRoJTNEJTIyMTUwMCUyMiUyMGhlaWdodCUzRCUyMjcwMCUyMiUyMHN0eWxlJTNEJTIyYm9yZGVyJTNBMCUzQiUyMiUyMGFsbG93ZnVsbHNjcmVlbiUzRCUyMiUyMiUyMGxvYWRpbmclM0QlMjJsYXp5JTIyJTIwcmVmZXJyZXJwb2xpY3klM0QlMjJuby1yZWZlcnJlci13aGVuLWRvd25ncmFkZSUyMiUzRSUzQyUyRmlmcmFtZSUzRQ==[\/vc_raw_html][\/vc_column][vc_column icons_position=\u00a0\u00bbleft\u00a0\u00bb offset=\u00a0\u00bbvc_col-md-3&Prime;][vc_row_inner][vc_column_inner icons_position=\u00a0\u00bbleft\u00a0\u00bb offset=\u00a0\u00bbvc_hidden-sm vc_hidden-xs\u00a0\u00bb][vc_empty_space alter_height=\u00a0\u00bbmedium\u00a0\u00bb hide_on_desktop=\u00a0\u00bb1&Prime; hide_on_notebook=\u00a0\u00bb1&Prime; hide_on_tablet=\u00a0\u00bb\u00a0\u00bb hide_on_mobile=\u00a0\u00bb\u00a0\u00bb][\/vc_column_inner][\/vc_row_inner][vc_empty_space height=\u00a0\u00bb15rem\u00a0\u00bb alter_height=\u00a0\u00bbnone\u00a0\u00bb hide_on_desktop=\u00a0\u00bb1&Prime; hide_on_notebook=\u00a0\u00bb\u00a0\u00bb hide_on_tablet=\u00a0\u00bb1&Prime; hide_on_mobile=\u00a0\u00bb1&Prime; css=\u00a0\u00bb.vc_custom_1581957213172{margin-top: -2.1rem !important;}\u00a0\u00bb][vc_empty_space height=\u00a0\u00bb2rem\u00a0\u00bb alter_height=\u00a0\u00bbnone\u00a0\u00bb hide_on_desktop=\u00a0\u00bb\u00a0\u00bb hide_on_notebook=\u00a0\u00bb\u00a0\u00bb hide_on_tablet=\u00a0\u00bb\u00a0\u00bb hide_on_mobile=\u00a0\u00bb\u00a0\u00bb]<div id=\"sc_services_2136288487\" class=\"sc_services color_style_default sc_services_simples sc_services_featured_top  vc_custom_1582025737873\"><div class=\"sc_services_columns_wrap sc_item_columns sc_item_columns_3 trx_addons_columns_wrap columns_padding_bottom\"><div class=\"trx_addons_column-1_1\"><div class=\"sc_services_item with_content with_image sc_services_item_featured_top\">\n\t<div class=\"sc_services_item_info\">\n\t\t<div class=\"sc_services_item_header\">\n\t\t\t<h3 class=\"sc_services_item_title\"><a href=\"https:\/\/topsolid.lu\/index.php\/services\/services\/\">Services<\/a><\/h3>\n\t\t<\/div>\n\t\t\t\t\t<div class=\"sc_services_item_content\"><p>V\u00e9ritable lieu d\u2019inspiration pour les projets d\u2019am\u00e9nagement d\u2019int\u00e9rieur haut de gamme, salles de bain, parquets, carrelages, portes et cuisines, \u2026 le showroom vous accueille du lundi au samedi.<\/p>\n<\/div>\n\t\t\t<\/div>\n<\/div>\n<\/div><div class=\"trx_addons_column-1_1\"><div class=\"sc_services_item with_content with_image sc_services_item_featured_top\">\n\t<div class=\"sc_services_item_info\">\n\t\t<div class=\"sc_services_item_header\">\n\t\t\t<h3 class=\"sc_services_item_title\"><a href=\"https:\/\/topsolid.lu\/index.php\/services\/references\/\">R\u00e9f\u00e9rences<\/a><\/h3>\n\t\t<\/div>\n\t\t\t\t\t<div class=\"sc_services_item_content\"><p>Extension Cityconcorde \/ Capellen Hirenknoff \/ Korner Valley \/ Landmark<\/p>\n<\/div>\n\t\t\t<\/div>\n<\/div>\n<\/div><div class=\"trx_addons_column-1_1\"><div class=\"sc_services_item with_content with_image sc_services_item_featured_top\">\n\t<div class=\"sc_services_item_info\">\n\t\t<div class=\"sc_services_item_header\">\n\t\t\t<h3 class=\"sc_services_item_title\"><a href=\"https:\/\/topsolid.lu\/index.php\/services\/contact\/\">Contact<\/a><\/h3>\n\t\t<\/div>\n\t\t\t\t\t<div class=\"sc_services_item_content\">En utilisant ce formulaire, vous acceptez le stockage et le traitement de vos donn\u00e9es par ce site Web. &#916;<\/div>\n\t\t\t<\/div>\n<\/div>\n<\/div><\/div><\/div><!-- \/.sc_services -->[\/vc_column][\/vc_row][vc_row][vc_column icons_position=\u00a0\u00bbleft\u00a0\u00bb][vc_empty_space height=\u00a0\u00bb15rem\u00a0\u00bb alter_height=\u00a0\u00bbnone\u00a0\u00bb hide_on_desktop=\u00a0\u00bb\u00a0\u00bb hide_on_notebook=\u00a0\u00bb\u00a0\u00bb hide_on_tablet=\u00a0\u00bb\u00a0\u00bb hide_on_mobile=\u00a0\u00bb\u00a0\u00bb][\/vc_column][vc_column icons_position=\u00a0\u00bbleft\u00a0\u00bb el_class=\u00a0\u00bbsc_layouts_683&Prime;]<div id=\"sc_content_695060490\"\n\t\tclass=\"sc_content color_style_default sc_content_default sc_float_center\"><div class=\"sc_content_container\">[vc_row_inner equal_height=\u00a0\u00bbyes\u00a0\u00bb content_placement=\u00a0\u00bbmiddle\u00a0\u00bb][vc_column_inner width=\u00a0\u00bb5\/12&Prime; icons_position=\u00a0\u00bbleft\u00a0\u00bb][vc_single_image image=\u00a0\u00bb2176&Prime; img_size=\u00a0\u00bbfull\u00a0\u00bb alignment=\u00a0\u00bbright\u00a0\u00bb][\/vc_column_inner][vc_column_inner width=\u00a0\u00bb7\/12&Prime; icons_position=\u00a0\u00bbleft\u00a0\u00bb][vc_empty_space alter_height=\u00a0\u00bbmedium\u00a0\u00bb hide_on_desktop=\u00a0\u00bb1&Prime; hide_on_notebook=\u00a0\u00bb1&Prime; hide_on_tablet=\u00a0\u00bb1&Prime; hide_on_mobile=\u00a0\u00bb\u00a0\u00bb]<div id=\"sc_content_1431680043\"\n\t\tclass=\"sc_content color_style_default color_style_default sc_content_default sc_float_center  vc_custom_1507198087176\"><div class=\"sc_content_container\"><div id=\"sc_title_1146067467\"\n\t\tclass=\"sc_title color_style_default sc_title_default\"><h6 class=\"sc_item_subtitle sc_title_subtitle sc_align_left sc_item_title_style_default\">Bienvenue<\/h6><h3 class=\"sc_item_title sc_title_title sc_align_left sc_item_title_style_default\">Qui sommes nous ?<\/h3><div class=\"sc_item_descr sc_title_descr sc_align_left\"><p>Espace d\u00e9di\u00e9 aux promoteurs immobiliers - suivis des acqu\u00e9reurs - conception d\u2019un cahier des charges adapt\u00e9 pour tous types de projets.<\/p>\n<p>Nous disposons de nos propres ing\u00e9nieurs, techniciens certifi\u00e9s, menuisiers afin d\u2019assurer la qualit\u00e9 de notre service.<\/p>\n<p>Nous vous proposons une prestation compl\u00e8te avec suivi complet de la phase de conception jusqu\u2019\u00e0 la phase finale.<\/p>\n<\/div><\/div><!-- \/.sc_title -->[vc_empty_space alter_height=\u00a0\u00bbsmall\u00a0\u00bb hide_on_desktop=\u00a0\u00bb\u00a0\u00bb hide_on_notebook=\u00a0\u00bb\u00a0\u00bb hide_on_tablet=\u00a0\u00bb\u00a0\u00bb hide_on_mobile=\u00a0\u00bb\u00a0\u00bb css=\u00a0\u00bb.vc_custom_1507198107198{margin-bottom: 0.6rem !important;}\u00a0\u00bb]<\/div><\/div><!-- \/.sc_content -->[\/vc_column_inner][vc_column_inner icons_position=\u00a0\u00bbleft\u00a0\u00bb][vc_empty_space height=\u00a0\u00bb10rem\u00a0\u00bb alter_height=\u00a0\u00bbnone\u00a0\u00bb hide_on_desktop=\u00a0\u00bb\u00a0\u00bb hide_on_notebook=\u00a0\u00bb\u00a0\u00bb hide_on_tablet=\u00a0\u00bb\u00a0\u00bb hide_on_mobile=\u00a0\u00bb1&Prime; css=\u00a0\u00bb.vc_custom_1582114806740{margin-top: -1.7rem !important;}\u00a0\u00bb][\/vc_column_inner][\/vc_row_inner]<\/div><\/div><!-- \/.sc_content -->[\/vc_column][\/vc_row][vc_row css=\u00a0\u00bb.vc_custom_1580918995194{background-color: #cecece !important;background-size: cover !important;}\u00a0\u00bb][vc_column icons_position=\u00a0\u00bbleft\u00a0\u00bb css=\u00a0\u00bb.vc_custom_1580918967374{background-color: #cecece !important;}\u00a0\u00bb]<div id=\"sc_services_197287225\" class=\"sc_services color_style_default sc_services_hovers sc_services_featured_top custom_se  vc_custom_1580986060430\"><div class=\"sc_services_content sc_item_content sc_item_columns_1\"><div class=\"sc_services_item with_content with_icon sc_services_item_featured_top\">\n\t<a href=\"https:\/\/topsolid.lu\/index.php\/services\/nos-horaires-douverture\/\"\n\t\t\t id=\"sc_services_197287225_icon-calendar-light_1\"\n\t\t\t class=\"sc_services_item_icon icon-calendar-light\"><\/a>\t\n\t<div class=\"sc_services_item_info\">\n\t\t<div class=\"sc_services_item_header\">\n\t\t\t<h4 class=\"sc_services_item_title\"><a href=\"https:\/\/topsolid.lu\/index.php\/services\/nos-horaires-douverture\/\">Nos horaires d&rsquo;ouverture :<\/a><\/h4>\n\t\t<\/div>\n\t\t\t\t\t<div class=\"sc_services_item_content\"><p>Lundi : 08:00 &#8211; 18:00<\/p>\n<p>Mardi : 08:00 &#8211; 18:00<\/p>\n<p>Mercredi : 08:00 &#8211; 18:00<\/p>\n<p>Jeudi : 08:00 &#8211; 18:00<\/p>\n<p>Vendredi : 08:00 &#8211; 18:00<\/p>\n<p>Samedi : 09:30 &#8211; 18:00<\/p>\n<\/div>\n\t\t\t<\/div>\n<\/div>\n<\/div><\/div><!-- \/.sc_services -->[vc_column_text]<\/p>\n<p style=\"text-align: center;\"><strong>Entr\u00e9e libre et sur rendez-vous<\/strong><\/p>\n<p>&nbsp;<\/p>\n<p>&nbsp;[\/vc_column_text][\/vc_column][\/vc_row][vc_row full_width=\u00a0\u00bbstretch_row_content_no_spaces\u00a0\u00bb hide_bg_image_on_tablet=\u00a0\u00bb\u00a0\u00bb hide_bg_image_on_mobile=\u00a0\u00bb\u00a0\u00bb el_class=\u00a0\u00bbsc_layouts_692&Prime;][vc_column width=\u00a0\u00bb1\/2&Prime; icons_position=\u00a0\u00bbleft\u00a0\u00bb][vc_single_image image=\u00a0\u00bb408&Prime; img_size=\u00a0\u00bbfull\u00a0\u00bb][\/vc_column][vc_column icons_position=\u00a0\u00bbleft\u00a0\u00bb][vc_empty_space alter_height=\u00a0\u00bbmedium\u00a0\u00bb hide_on_desktop=\u00a0\u00bb\u00a0\u00bb hide_on_notebook=\u00a0\u00bb\u00a0\u00bb hide_on_tablet=\u00a0\u00bb\u00a0\u00bb hide_on_mobile=\u00a0\u00bb\u00a0\u00bb][\/vc_column][\/vc_row][vc_row hide_bg_image_on_tablet=\u00a0\u00bb\u00a0\u00bb hide_bg_image_on_mobile=\u00a0\u00bb\u00a0\u00bb el_class=\u00a0\u00bb.sc_layouts_704&Prime;][vc_column icons_position=\u00a0\u00bbleft\u00a0\u00bb]<div id=\"sc_content_1587495827\"\n\t\tclass=\"sc_content color_style_default sc_content_default sc_float_center\"><div class=\"sc_content_container\">[vc_row_inner][vc_column_inner width=\u00a0\u00bb5\/12&Prime; icons_position=\u00a0\u00bbleft\u00a0\u00bb][vc_empty_space alter_height=\u00a0\u00bbsmall\u00a0\u00bb hide_on_desktop=\u00a0\u00bb\u00a0\u00bb hide_on_notebook=\u00a0\u00bb\u00a0\u00bb hide_on_tablet=\u00a0\u00bb\u00a0\u00bb hide_on_mobile=\u00a0\u00bb\u00a0\u00bb css=\u00a0\u00bb.vc_custom_1507213932431{margin-bottom: 0.6rem !important;}\u00a0\u00bb]<div id=\"sc_title_612064936\"\n\t\tclass=\"sc_title color_style_default sc_title_default\"><h6 class=\"sc_item_subtitle sc_title_subtitle sc_align_left sc_item_title_style_default\">Contact<\/h6><h3 class=\"sc_item_title sc_title_title sc_align_left sc_item_title_style_default\">TopSolid<\/h3><div class=\"sc_item_descr sc_title_descr sc_align_left\"><p>Chez TOPSOLID les clients sont notre priorit\u00e9. Contactez nous si vous avez besoin d'aide etc..... Contact us anytime when you need assistance designing your window treatments, or just need a quick question answered.<\/p>\n<\/div><\/div><!-- \/.sc_title -->[vc_empty_space alter_height=\u00a0\u00bbsmall\u00a0\u00bb hide_on_desktop=\u00a0\u00bb\u00a0\u00bb hide_on_notebook=\u00a0\u00bb\u00a0\u00bb hide_on_tablet=\u00a0\u00bb\u00a0\u00bb hide_on_mobile=\u00a0\u00bb\u00a0\u00bb css=\u00a0\u00bb.vc_custom_1507214324275{margin-bottom: 0.9rem !important;}\u00a0\u00bb]<div id=\"widget_contacts_944204403\" class=\"widget_area sc_widget_contacts vc_widget_contacts wpb_content_element\"><aside id=\"widget_contacts_944204403_widget\" class=\"widget widget_contacts\"><div class=\"contacts_wrap\"><div class=\"contacts_info\"><span class=\"contacts_address\">46-48 Route de Luxembourg L-7240 Bereldange<\/span><span class=\"contacts_email\"><a href=\"mailto:i&#110;fo&#64;top&#115;&#111;l&#105;d.&#108;u\">&#105;&#110;fo&#64;&#116;op&#115;&#111;&#108;&#105;&#100;.&#108;&#117;<\/a><\/span><a href=\"tel:+35226340138\" class=\"contacts_phone\">+352 26 34 01 38<\/a><\/div><\/div><!-- \/.contacts_wrap --><\/aside><\/div>[vc_empty_space alter_height=\u00a0\u00bblarge\u00a0\u00bb hide_on_desktop=\u00a0\u00bb1&Prime; hide_on_notebook=\u00a0\u00bb1&Prime; hide_on_tablet=\u00a0\u00bb1&Prime; hide_on_mobile=\u00a0\u00bb\u00a0\u00bb][\/vc_column_inner][vc_column_inner width=\u00a0\u00bb7\/12&Prime; icons_position=\u00a0\u00bbleft\u00a0\u00bb]<div id=\"sc_content_908385475\"\n\t\tclass=\"sc_content color_style_default color_style_default sc_content_default sc_float_center sc_padding_tiny\"><div class=\"sc_content_container\">[vc_gmaps link=\u00a0\u00bb#E-8_JTNDaWZyYW1lJTIwc3JjJTNEJTIyaHR0cHMlM0ElMkYlMkZ3d3cuZ29vZ2xlLmNvbSUyRm1hcHMlMkZlbWJlZCUzRnBiJTNEJTIxMW0xOCUyMTFtMTIlMjExbTMlMjExZDI1ODIuOTM4MzcyMTE5MTczNCUyMTJkNi4xMjQ3MjIwMTU4NzQ2NDA1JTIxM2Q0OS42NTU0NjA0NTIyMDYwODYlMjEybTMlMjExZjAlMjEyZjAlMjEzZjAlMjEzbTIlMjExaTEwMjQlMjEyaTc2OCUyMTRmMTMuMSUyMTNtMyUyMTFtMiUyMTFzMHg0Nzk1NDdkNjZjMzIzNzExJTI1M0EweDFkZWZiNWIxZjc0NTAxNCUyMTJzVG9wLXNvbGlkJTI1MjBTLkEuJTIxNWUwJTIxM20yJTIxMXNmciUyMTJzZnIlMjE0djE1NzgzMjU1MjIwNTklMjE1bTIlMjExc2ZyJTIxMnNmciUyMiUyMHdpZHRoJTNEJTIyNjAwJTIyJTIwaGVpZ2h0JTNEJTIyNDUwJTIyJTIwZnJhbWVib3JkZXIlM0QlMjIwJTIyJTIwc3R5bGUlM0QlMjJib3JkZXIlM0EwJTNCJTIyJTIwYWxsb3dmdWxsc2NyZWVuJTNEJTIyJTIyJTNFJTNDJTJGaWZyYW1lJTNF\u00a0\u00bb][vc_empty_space alter_height=\u00a0\u00bbhuge\u00a0\u00bb hide_on_desktop=\u00a0\u00bb\u00a0\u00bb hide_on_notebook=\u00a0\u00bb\u00a0\u00bb hide_on_tablet=\u00a0\u00bb\u00a0\u00bb hide_on_mobile=\u00a0\u00bb\u00a0\u00bb css=\u00a0\u00bb.vc_custom_1507213812667{margin-bottom: -3rem !important;}\u00a0\u00bb]<\/div><\/div><!-- \/.sc_content -->[\/vc_column_inner][\/vc_row_inner]<\/div><\/div><!-- \/.sc_content -->[\/vc_column][\/vc_row][vc_row full_width=\u00a0\u00bbstretch_row_content_no_spaces\u00a0\u00bb][vc_column icons_position=\u00a0\u00bbleft\u00a0\u00bb][vc_empty_space alter_height=\u00a0\u00bblarge\u00a0\u00bb hide_on_desktop=\u00a0\u00bb\u00a0\u00bb hide_on_notebook=\u00a0\u00bb\u00a0\u00bb hide_on_tablet=\u00a0\u00bb\u00a0\u00bb hide_on_mobile=\u00a0\u00bb\u00a0\u00bb css=\u00a0\u00bb.vc_custom_1507274580188{margin-top: -2rem !important;}\u00a0\u00bb][\/vc_column][\/vc_row]<\/p>\n","protected":false},"excerpt":{"rendered":"<p>[vc_row full_width=\u00a0\u00bbstretch_row_content_no_spaces\u00a0\u00bb hide_bg_image_on_tablet=\u00a0\u00bb1&Prime; hide_bg_image_on_mobile=\u00a0\u00bb1&Prime; css=\u00a0\u00bb.vc_custom_1574082466396 !important;background-position: top right !important;background-repeat: no-repeat !important;}\u00a0\u00bb el_class=\u00a0\u00bbsc_layouts_738&Prime;][vc_column icons_position=\u00a0\u00bbleft\u00a0\u00bb offset=\u00a0\u00bbvc_col-md-9&Prime;][vc_empty_space hide_on_desktop=\u00a0\u00bb\u00a0\u00bb hide_on_notebook=\u00a0\u00bb\u00a0\u00bb hide_on_tablet=\u00a0\u00bb\u00a0\u00bb hide_on_mobile=\u00a0\u00bb\u00a0\u00bb][vc_raw_html css=\u00a0\u00bb.vc_custom_1662034917886{margin-top: 3em !important;}\u00a0\u00bb]JTNDaWZyYW1lJTIwc3JjJTNEJTIyaHR0cHMlM0ElMkYlMkZ3d3cuZ29vZ2xlLmNvbSUyRm1hcHMlMkZlbWJlZCUzRnBiJTNEJTIxNHYxNjYyMDM0NTU1NDkyJTIxNm04JTIxMW03JTIxMXNDQW9TTEVGR01WRnBjRTVxV1dkZk16QnlObkozVGtRNVVuSTJTVXR6WkVGbWVuazVSelZVTFMxUWR6ZHdRakZ3JTIxMm0yJTIxMWQ0OS42NTUzNjYzJTIxMmQ2LjEyNjgxNzglMjEzZjE2OC44MDE4NDIwNDc2MTM3JTIxNGYtOS4yOTg2NDY0MDE5MTc0MzglMjE1ZjAuNDAwMDAwMDAwMDAwMDAwMiUyMiUyMHdpZHRoJTNEJTIyMTUwMCUyMiUyMGhlaWdodCUzRCUyMjcwMCUyMiUyMHN0eWxlJTNEJTIyYm9yZGVyJTNBMCUzQiUyMiUyMGFsbG93ZnVsbHNjcmVlbiUzRCUyMiUyMiUyMGxvYWRpbmclM0QlMjJsYXp5JTIyJTIwcmVmZXJyZXJwb2xpY3klM0QlMjJuby1yZWZlcnJlci13aGVuLWRvd25ncmFkZSUyMiUzRSUzQyUyRmlmcmFtZSUzRQ==[\/vc_raw_html][\/vc_column][vc_column icons_position=\u00a0\u00bbleft\u00a0\u00bb offset=\u00a0\u00bbvc_col-md-3&Prime;][vc_row_inner][vc_column_inner icons_position=\u00a0\u00bbleft\u00a0\u00bb offset=\u00a0\u00bbvc_hidden-sm vc_hidden-xs\u00a0\u00bb][vc_empty_space alter_height=\u00a0\u00bbmedium\u00a0\u00bb hide_on_desktop=\u00a0\u00bb1&Prime; hide_on_notebook=\u00a0\u00bb1&Prime; hide_on_tablet=\u00a0\u00bb\u00a0\u00bb hide_on_mobile=\u00a0\u00bb\u00a0\u00bb][\/vc_column_inner][\/vc_row_inner][vc_empty_space height=\u00a0\u00bb15rem\u00a0\u00bb alter_height=\u00a0\u00bbnone\u00a0\u00bb hide_on_desktop=\u00a0\u00bb1&Prime; hide_on_notebook=\u00a0\u00bb\u00a0\u00bb hide_on_tablet=\u00a0\u00bb1&Prime; hide_on_mobile=\u00a0\u00bb1&Prime; css=\u00a0\u00bb.vc_custom_1581957213172{margin-top: -2.1rem !important;}\u00a0\u00bb][vc_empty_space height=\u00a0\u00bb2rem\u00a0\u00bb alter_height=\u00a0\u00bbnone\u00a0\u00bb hide_on_desktop=\u00a0\u00bb\u00a0\u00bb hide_on_notebook=\u00a0\u00bb\u00a0\u00bb hide_on_tablet=\u00a0\u00bb\u00a0\u00bb hide_on_mobile=\u00a0\u00bb\u00a0\u00bb][\/vc_column][\/vc_row][vc_row][vc_column icons_position=\u00a0\u00bbleft\u00a0\u00bb][vc_empty_space height=\u00a0\u00bb15rem\u00a0\u00bb alter_height=\u00a0\u00bbnone\u00a0\u00bb hide_on_desktop=\u00a0\u00bb\u00a0\u00bb hide_on_notebook=\u00a0\u00bb\u00a0\u00bb hide_on_tablet=\u00a0\u00bb\u00a0\u00bb hide_on_mobile=\u00a0\u00bb\u00a0\u00bb][\/vc_column][vc_column icons_position=\u00a0\u00bbleft\u00a0\u00bb el_class=\u00a0\u00bbsc_layouts_683&Prime;][\/vc_column][\/vc_row][vc_row css=\u00a0\u00bb.vc_custom_1580918995194{background-color: #cecece !important;background-size: cover !important;}\u00a0\u00bb][vc_column&hellip;<\/p>\n","protected":false},"author":1,"featured_media":0,"parent":0,"menu_order":0,"comment_status":"closed","ping_status":"closed","template":"","meta":[],"_links":{"self":[{"href":"https:\/\/topsolid.lu\/index.php\/wp-json\/wp\/v2\/pages\/99"}],"collection":[{"href":"https:\/\/topsolid.lu\/index.php\/wp-json\/wp\/v2\/pages"}],"about":[{"href":"https:\/\/topsolid.lu\/index.php\/wp-json\/wp\/v2\/types\/page"}],"author":[{"embeddable":true,"href":"https:\/\/topsolid.lu\/index.php\/wp-json\/wp\/v2\/users\/1"}],"replies":[{"embeddable":true,"href":"https:\/\/topsolid.lu\/index.php\/wp-json\/wp\/v2\/comments?post=99"}],"version-history":[{"count":87,"href":"https:\/\/topsolid.lu\/index.php\/wp-json\/wp\/v2\/pages\/99\/revisions"}],"predecessor-version":[{"id":2354,"href":"https:\/\/topsolid.lu\/index.php\/wp-json\/wp\/v2\/pages\/99\/revisions\/2354"}],"wp:attachment":[{"href":"https:\/\/topsolid.lu\/index.php\/wp-json\/wp\/v2\/media?parent=99"}],"curies":[{"name":"wp","href":"https:\/\/api.w.org\/{rel}","templated":true}]}}